{"id":74,"date":"2018-12-21T17:41:20","date_gmt":"2018-12-21T14:41:20","guid":{"rendered":"http:\/\/unitedcyprus.org\/?page_id=74"},"modified":"2019-01-27T14:51:26","modified_gmt":"2019-01-27T11:51:26","slug":"elementor-74","status":"publish","type":"page","link":"http:\/\/ktgormezlerdernegi.org\/","title":{"rendered":"Anasayfa"},"content":{"rendered":"\t\t<div data-elementor-type=\"wp-post\" data-elementor-id=\"74\" class=\"elementor elementor-74 elementor-bc-flex-widget\" data-elementor-settings=\"[]\">\n\t\t\t<div class=\"elementor-inner\">\n\t\t\t\t<div class=\"elementor-section-wrap\">\n\t\t\t\t\t\t\t<section class=\"elementor-element elementor-element-5a9b365 elementor-section-full_width elementor-section-stretched elementor-section-height-default elementor-section-height-default elementor-section elementor-top-section\" data-id=\"5a9b365\" data-element_type=\"section\" data-settings=\"{&quot;stretch_section&quot;:&quot;section-stretched&quot;}\">\n\t\t\t\t\t\t<div class=\"elementor-container elementor-column-gap-default\">\n\t\t\t\t<div class=\"elementor-row\">\n\t\t\t\t<div class=\"elementor-element elementor-element-b610efc elementor-column elementor-col-100 elementor-top-column\" data-id=\"b610efc\" data-element_type=\"column\">\n\t\t\t<div class=\"elementor-column-wrap  elementor-element-populated\">\n\t\t\t\t\t<div class=\"elementor-widget-wrap\">\n\t\t\t\t\t\t<\/div>\n\t\t\t<\/div>\n\t\t<\/div>\n\t\t\t\t\t\t<\/div>\n\t\t\t<\/div>\n\t\t<\/section>\n\t\t\t\t<section class=\"elementor-element elementor-element-a83b9d9 elementor-section-content-middle elementor-section-stretched elementor-section-boxed elementor-section-height-default elementor-section-height-default elementor-section elementor-top-section\" data-id=\"a83b9d9\" data-element_type=\"section\" data-settings=\"{&quot;stretch_section&quot;:&quot;section-stretched&quot;}\">\n\t\t\t\t\t\t<div class=\"elementor-container elementor-column-gap-no\">\n\t\t\t\t<div class=\"elementor-row\">\n\t\t\t\t<div class=\"elementor-element elementor-element-a5ffaca elementor-column elementor-col-33 elementor-top-column\" data-id=\"a5ffaca\" data-element_type=\"column\">\n\t\t\t<div class=\"elementor-column-wrap  elementor-element-populated\">\n\t\t\t\t\t<div class=\"elementor-widget-wrap\">\n\t\t\t\t<div class=\"elementor-element elementor-element-80bde31 elementor-view-default elementor-position-top elementor-vertical-align-top elementor-widget elementor-widget-icon-box\" data-id=\"80bde31\" data-element_type=\"widget\" data-widget_type=\"icon-box.default\">\n\t\t\t\t<div class=\"elementor-widget-container\">\n\t\t\t\t\t<div class=\"elementor-icon-box-wrapper\">\n\t\t\t\t\t\t<div class=\"elementor-icon-box-icon\">\n\t\t\t\t<a class=\"elementor-icon elementor-animation-grow\" href=\"http:\/\/ktgormezlerdernegi.org\/?page_id=172\">\n\t\t\t\t<i class=\"fa fa-bullhorn\" aria-hidden=\"true\"><\/i>\t\t\t\t<\/a>\n\t\t\t<\/div>\n\t\t\t\t\t\t<div class=\"elementor-icon-box-content\">\n\t\t\t\t<h4 class=\"elementor-icon-box-title\">\n\t\t\t\t\t<a href=\"http:\/\/ktgormezlerdernegi.org\/?page_id=172\">Duyurular<\/a>\n\t\t\t\t<\/h4>\n\t\t\t\t\t\t\t\t<p class=\"elementor-icon-box-description\">B\u00fct\u00fcn duyurulardan haberdar olmak i\u00e7in t\u0131klay\u0131n\u0131z.<\/p>\n\t\t\t\t\t\t\t<\/div>\n\t\t<\/div>\n\t\t\t\t<\/div>\n\t\t\t\t<\/div>\n\t\t\t\t\t\t<\/div>\n\t\t\t<\/div>\n\t\t<\/div>\n\t\t\t\t<div class=\"elementor-element elementor-element-8d0d5b5 elementor-column elementor-col-33 elementor-top-column\" data-id=\"8d0d5b5\" data-element_type=\"column\">\n\t\t\t<div class=\"elementor-column-wrap  elementor-element-populated\">\n\t\t\t\t\t<div class=\"elementor-widget-wrap\">\n\t\t\t\t<div class=\"elementor-element elementor-element-8a5f2b0 elementor-view-default elementor-position-top elementor-vertical-align-top elementor-widget elementor-widget-icon-box\" data-id=\"8a5f2b0\" data-element_type=\"widget\" data-widget_type=\"icon-box.default\">\n\t\t\t\t<div class=\"elementor-widget-container\">\n\t\t\t\t\t<div class=\"elementor-icon-box-wrapper\">\n\t\t\t\t\t\t<div class=\"elementor-icon-box-icon\">\n\t\t\t\t<a class=\"elementor-icon elementor-animation-grow\" href=\"http:\/\/ktgormezlerdernegi.org\/?page_id=234\">\n\t\t\t\t<i class=\"fa fa-bell\" aria-hidden=\"true\"><\/i>\t\t\t\t<\/a>\n\t\t\t<\/div>\n\t\t\t\t\t\t<div class=\"elementor-icon-box-content\">\n\t\t\t\t<h4 class=\"elementor-icon-box-title\">\n\t\t\t\t\t<a href=\"http:\/\/ktgormezlerdernegi.org\/?page_id=234\">Ba\u011f\u0131\u015flar<\/a>\n\t\t\t\t<\/h4>\n\t\t\t\t\t\t\t\t<p class=\"elementor-icon-box-description\">Derne\u011fimize katk\u0131da bulunmak istermisiniz !<\/p>\n\t\t\t\t\t\t\t<\/div>\n\t\t<\/div>\n\t\t\t\t<\/div>\n\t\t\t\t<\/div>\n\t\t\t\t\t\t<\/div>\n\t\t\t<\/div>\n\t\t<\/div>\n\t\t\t\t<div class=\"elementor-element elementor-element-298bb05 elementor-column elementor-col-33 elementor-top-column\" data-id=\"298bb05\" data-element_type=\"column\">\n\t\t\t<div class=\"elementor-column-wrap  elementor-element-populated\">\n\t\t\t\t\t<div class=\"elementor-widget-wrap\">\n\t\t\t\t<div class=\"elementor-element elementor-element-a9a0461 elementor-view-default elementor-position-top elementor-vertical-align-top elementor-widget elementor-widget-icon-box\" data-id=\"a9a0461\" data-element_type=\"widget\" data-widget_type=\"icon-box.default\">\n\t\t\t\t<div class=\"elementor-widget-container\">\n\t\t\t\t\t<div class=\"elementor-icon-box-wrapper\">\n\t\t\t\t\t\t<div class=\"elementor-icon-box-icon\">\n\t\t\t\t<a class=\"elementor-icon elementor-animation-grow\" href=\"http:\/\/ktgormezlerdernegi.org\/?page_id=174\">\n\t\t\t\t<i class=\"fa fa-newspaper-o\" aria-hidden=\"true\"><\/i>\t\t\t\t<\/a>\n\t\t\t<\/div>\n\t\t\t\t\t\t<div class=\"elementor-icon-box-content\">\n\t\t\t\t<h4 class=\"elementor-icon-box-title\">\n\t\t\t\t\t<a href=\"http:\/\/ktgormezlerdernegi.org\/?page_id=174\">Haberler<\/a>\n\t\t\t\t<\/h4>\n\t\t\t\t\t\t\t\t<p class=\"elementor-icon-box-description\">Derne\u011fimiz hakk\u0131ndaki en g\u00fcncel haberler ve daha fazlas\u0131.<\/p>\n\t\t\t\t\t\t\t<\/div>\n\t\t<\/div>\n\t\t\t\t<\/div>\n\t\t\t\t<\/div>\n\t\t\t\t\t\t<\/div>\n\t\t\t<\/div>\n\t\t<\/div>\n\t\t\t\t\t\t<\/div>\n\t\t\t<\/div>\n\t\t<\/section>\n\t\t\t\t<section class=\"elementor-element elementor-element-a5b4f13 elementor-section-content-middle elementor-section-stretched elementor-section-boxed elementor-section-height-default elementor-section-height-default elementor-section elementor-top-section\" data-id=\"a5b4f13\" data-element_type=\"section\" data-settings=\"{&quot;stretch_section&quot;:&quot;section-stretched&quot;}\">\n\t\t\t\t\t\t<div class=\"elementor-container elementor-column-gap-no\">\n\t\t\t\t<div class=\"elementor-row\">\n\t\t\t\t<div class=\"elementor-element elementor-element-c403c68 elementor-column elementor-col-100 elementor-top-column\" data-id=\"c403c68\" data-element_type=\"column\">\n\t\t\t<div class=\"elementor-column-wrap  elementor-element-populated\">\n\t\t\t\t\t<div class=\"elementor-widget-wrap\">\n\t\t\t\t<div class=\"elementor-element elementor-element-26338a8 elementor-widget elementor-widget-heading\" data-id=\"26338a8\" data-element_type=\"widget\" data-widget_type=\"heading.default\">\n\t\t\t\t<div class=\"elementor-widget-container\">\n\t\t\t<h4 class=\"elementor-heading-title elementor-size-default\">Hakk\u0131m\u0131zda<\/h4>\t\t<\/div>\n\t\t\t\t<\/div>\n\t\t\t\t<div class=\"elementor-element elementor-element-4d5fc95 elementor-widget elementor-widget-text-editor\" data-id=\"4d5fc95\" data-element_type=\"widget\" data-widget_type=\"text-editor.default\">\n\t\t\t\t<div class=\"elementor-widget-container\">\n\t\t\t\t\t<div class=\"elementor-text-editor elementor-clearfix\"><p style=\"font-family: Verdana, Arial, Helvetica, sans-serif; font-size: 12px; color: #000000; text-align: justify;\"><span style=\"font-family: Tahoma; font-size: small;\">\u00a0Kuzey K\u0131br\u0131s T\u00fcrk Cumhuriyeti\u2019nde ya\u015fayan g\u00f6rme engellilerle ilgili ilk dernek \u201cAlt\u0131 Nokta Dayan\u0131\u015fma Derne\u011fi\u201d ad\u0131yla 17 Nisan 1976 y\u0131l\u0131nda resmen kurulup Lefko\u015fa Kaymakaml\u0131\u011f\u0131\u2019na tescilini yapt\u0131rm\u0131\u015ft\u0131r.<br \/>\u00a0 \u201cAlt\u0131 Nokta Dayan\u0131\u015fma Derne\u011fi\u201d ad\u0131yla kurulan ilk \u00f6rg\u00fct\u00fcn ya\u015fama s\u00fcresi 20 Mart 1977 y\u0131l\u0131na kadar s\u00fcrm\u00fc\u015ft\u00fcr. \u00c7e\u015fitli nedenlerle da\u011f\u0131lan \u00f6rg\u00fct; \u00fcyelerin b\u00fcy\u00fck deste\u011fi ile g\u00fc\u00e7 birli\u011fi yap\u0131larak 9 Eyl\u00fcl 1977 tarihinde \u201cAlt\u0131 Nokta I\u015f\u0131k Derne\u011fi\u201d ad\u0131yla kurulup Dervi\u015f Y\u00fccet\u00fcrk ba\u015fkanl\u0131\u011f\u0131nda \u00e7al\u0131\u015fmalar\u0131na fiilen ba\u015flam\u0131\u015f ve resmi tescilini de s\u00f6z\u00fc edilen tarihte Lefko\u015fa Kaymakaml\u0131\u011f\u0131\u2019na yapt\u0131rm\u0131\u015ft\u0131r&#8230;&#8230;..<\/span><span style=\"font-family: Tahoma; font-size: small;\">\u00a0\u00a0<\/span><\/p><\/div>\n\t\t\t\t<\/div>\n\t\t\t\t<\/div>\n\t\t\t\t<section class=\"elementor-element elementor-element-9a08abe elementor-section-content-middle elementor-section-boxed elementor-section-height-default elementor-section-height-default elementor-section elementor-inner-section\" data-id=\"9a08abe\" data-element_type=\"section\">\n\t\t\t\t\t\t<div class=\"elementor-container elementor-column-gap-no\">\n\t\t\t\t<div class=\"elementor-row\">\n\t\t\t\t<div class=\"elementor-element elementor-element-3fbbf9d elementor-column elementor-col-100 elementor-inner-column\" data-id=\"3fbbf9d\" data-element_type=\"column\">\n\t\t\t<div class=\"elementor-column-wrap  elementor-element-populated\">\n\t\t\t\t\t<div class=\"elementor-widget-wrap\">\n\t\t\t\t<div class=\"elementor-element elementor-element-5e966bf elementor-align-center elementor-widget elementor-widget-button\" data-id=\"5e966bf\" data-element_type=\"widget\" data-widget_type=\"button.default\">\n\t\t\t\t<div class=\"elementor-widget-container\">\n\t\t\t\t\t<div class=\"elementor-button-wrapper\">\n\t\t\t<a href=\"http:\/\/ktgormezlerdernegi.org\/?page_id=165\" class=\"elementor-button-link elementor-button elementor-size-sm elementor-animation-grow\" role=\"button\">\n\t\t\t\t\t\t<span class=\"elementor-button-content-wrapper\">\n\t\t\t\t\t\t<span class=\"elementor-button-text\">Devam\u0131<\/span>\n\t\t<\/span>\n\t\t\t\t\t<\/a>\n\t\t<\/div>\n\t\t\t\t<\/div>\n\t\t\t\t<\/div>\n\t\t\t\t\t\t<\/div>\n\t\t\t<\/div>\n\t\t<\/div>\n\t\t\t\t\t\t<\/div>\n\t\t\t<\/div>\n\t\t<\/section>\n\t\t\t\t\t\t<\/div>\n\t\t\t<\/div>\n\t\t<\/div>\n\t\t\t\t\t\t<\/div>\n\t\t\t<\/div>\n\t\t<\/section>\n\t\t\t\t<section class=\"elementor-element elementor-element-2b0c7c4 elementor-section-height-min-height elementor-section-content-middle elementor-reverse-mobile elementor-section-stretched elementor-section-full_width elementor-hidden-phone elementor-section-height-default elementor-section-items-middle elementor-section elementor-top-section\" data-id=\"2b0c7c4\" data-element_type=\"section\" data-settings=\"{&quot;background_background&quot;:&quot;classic&quot;,&quot;stretch_section&quot;:&quot;section-stretched&quot;}\">\n\t\t\t\t\t\t\t<div class=\"elementor-background-overlay\"><\/div>\n\t\t\t\t\t\t\t<div class=\"elementor-container elementor-column-gap-no\">\n\t\t\t\t<div class=\"elementor-row\">\n\t\t\t\t<div class=\"elementor-element elementor-element-7d7bd5b elementor-column elementor-col-100 elementor-top-column\" data-id=\"7d7bd5b\" data-element_type=\"column\">\n\t\t\t<div class=\"elementor-column-wrap  elementor-element-populated\">\n\t\t\t\t\t<div class=\"elementor-widget-wrap\">\n\t\t\t\t<div class=\"elementor-element elementor-element-20826ce elementor-widget elementor-widget-heading\" data-id=\"20826ce\" data-element_type=\"widget\" data-widget_type=\"heading.default\">\n\t\t\t\t<div class=\"elementor-widget-container\">\n\t\t\t<h2 class=\"elementor-heading-title elementor-size-default\">K\u0131br\u0131s T\u00fcrk G\u00f6rmezler Derne\u011fi<\/h2>\t\t<\/div>\n\t\t\t\t<\/div>\n\t\t\t\t\t\t<\/div>\n\t\t\t<\/div>\n\t\t<\/div>\n\t\t\t\t\t\t<\/div>\n\t\t\t<\/div>\n\t\t<\/section>\n\t\t\t\t\t\t<\/div>\n\t\t\t<\/div>\n\t\t<\/div>\n\t\t","protected":false},"excerpt":{"rendered":"<p>Smart Slider with ID: 3 Duyurular B\u00fct\u00fcn duyurulardan haberdar olmak i\u00e7in t\u0131klay\u0131n\u0131z. Ba\u011f\u0131\u015flar Derne\u011fimize katk\u0131da bulunmak istermisiniz ! Haberler Derne\u011fimiz hakk\u0131ndaki en g\u00fcncel haberler ve daha fazlas\u0131. Hakk\u0131m\u0131zda &nbsp;Kuzey K\u0131br\u0131s T\u00fcrk Cumhuriyeti\u2019nde ya\u015fayan g\u00f6rme engellilerle ilgili ilk dernek \u201cAlt\u0131 Nokta Dayan\u0131\u015fma Derne\u011fi\u201d ad\u0131yla 17 Nisan 1976 y\u0131l\u0131nda resmen kurulup Lefko\u015fa Kaymakaml\u0131\u011f\u0131\u2019na tescilini yapt\u0131rm\u0131\u015ft\u0131r. &nbsp; \u201cAlt\u0131 [&hellip;]<\/p>\n","protected":false},"author":1,"featured_media":0,"parent":0,"menu_order":0,"comment_status":"closed","ping_status":"closed","template":"elementor_header_footer","meta":{"footnotes":""},"class_list":["post-74","page","type-page","status-publish","hentry"],"_links":{"self":[{"href":"http:\/\/ktgormezlerdernegi.org\/index.php?rest_route=\/wp\/v2\/pages\/74","targetHints":{"allow":["GET"]}}],"collection":[{"href":"http:\/\/ktgormezlerdernegi.org\/index.php?rest_route=\/wp\/v2\/pages"}],"about":[{"href":"http:\/\/ktgormezlerdernegi.org\/index.php?rest_route=\/wp\/v2\/types\/page"}],"author":[{"embeddable":true,"href":"http:\/\/ktgormezlerdernegi.org\/index.php?rest_route=\/wp\/v2\/users\/1"}],"replies":[{"embeddable":true,"href":"http:\/\/ktgormezlerdernegi.org\/index.php?rest_route=%2Fwp%2Fv2%2Fcomments&post=74"}],"version-history":[{"count":67,"href":"http:\/\/ktgormezlerdernegi.org\/index.php?rest_route=\/wp\/v2\/pages\/74\/revisions"}],"predecessor-version":[{"id":1323,"href":"http:\/\/ktgormezlerdernegi.org\/index.php?rest_route=\/wp\/v2\/pages\/74\/revisions\/1323"}],"wp:attachment":[{"href":"http:\/\/ktgormezlerdernegi.org\/index.php?rest_route=%2Fwp%2Fv2%2Fmedia&parent=74"}],"curies":[{"name":"wp","href":"https:\/\/api.w.org\/{rel}","templated":true}]}}