{"id":234,"date":"2019-01-10T18:43:07","date_gmt":"2019-01-10T15:43:07","guid":{"rendered":"http:\/\/unitedcyprus.org\/?page_id=234"},"modified":"2019-01-21T14:09:52","modified_gmt":"2019-01-21T11:09:52","slug":"bagislar","status":"publish","type":"page","link":"http:\/\/ktgormezlerdernegi.org\/?page_id=234","title":{"rendered":"Ba\u011f\u0131\u015flar"},"content":{"rendered":"\t\t<div data-elementor-type=\"wp-post\" data-elementor-id=\"234\" class=\"elementor elementor-234 elementor-bc-flex-widget\" data-elementor-settings=\"[]\">\n\t\t\t<div class=\"elementor-inner\">\n\t\t\t\t<div class=\"elementor-section-wrap\">\n\t\t\t\t\t\t\t<section class=\"elementor-element elementor-element-4c28c440 elementor-section-boxed elementor-section-height-default elementor-section-height-default elementor-section elementor-top-section\" data-id=\"4c28c440\" data-element_type=\"section\" data-settings=\"{&quot;background_background&quot;:&quot;classic&quot;}\">\n\t\t\t\t\t\t<div class=\"elementor-container elementor-column-gap-default\">\n\t\t\t\t<div class=\"elementor-row\">\n\t\t\t\t<div class=\"elementor-element elementor-element-458a4efe elementor-column elementor-col-100 elementor-top-column\" data-id=\"458a4efe\" data-element_type=\"column\">\n\t\t\t<div class=\"elementor-column-wrap  elementor-element-populated\">\n\t\t\t\t\t<div class=\"elementor-widget-wrap\">\n\t\t\t\t<div class=\"elementor-element elementor-element-6ab343ee elementor-widget elementor-widget-heading\" data-id=\"6ab343ee\" data-element_type=\"widget\" data-widget_type=\"heading.default\">\n\t\t\t\t<div class=\"elementor-widget-container\">\n\t\t\t<h2 class=\"elementor-heading-title elementor-size-xl\">Bir elde siz uzat\u0131n\u0131z.<\/h2>\t\t<\/div>\n\t\t\t\t<\/div>\n\t\t\t\t\t\t<\/div>\n\t\t\t<\/div>\n\t\t<\/div>\n\t\t\t\t\t\t<\/div>\n\t\t\t<\/div>\n\t\t<\/section>\n\t\t\t\t<section class=\"elementor-element elementor-element-2fd49134 elementor-section-boxed elementor-section-height-default elementor-section-height-default elementor-section elementor-top-section\" data-id=\"2fd49134\" data-element_type=\"section\">\n\t\t\t\t\t\t<div class=\"elementor-container elementor-column-gap-default\">\n\t\t\t\t<div class=\"elementor-row\">\n\t\t\t\t<div class=\"elementor-element elementor-element-165a490e elementor-column elementor-col-100 elementor-top-column\" data-id=\"165a490e\" data-element_type=\"column\">\n\t\t\t<div class=\"elementor-column-wrap  elementor-element-populated\">\n\t\t\t\t\t<div class=\"elementor-widget-wrap\">\n\t\t\t\t<div class=\"elementor-element elementor-element-e9ee381 elementor-widget elementor-widget-image\" data-id=\"e9ee381\" data-element_type=\"widget\" data-widget_type=\"image.default\">\n\t\t\t\t<div class=\"elementor-widget-container\">\n\t\t\t\t\t<div class=\"elementor-image\">\n\t\t\t\t\t\t\t\t\t\t<img decoding=\"async\" src=\"http:\/\/unitedcyprus.org\/wp-content\/uploads\/2019\/01\/alex-boyd-260321-unsplash-e1547135059918.jpg\" title=\"\" alt=\"\" \/>\t\t\t\t\t\t\t\t\t\t\t<\/div>\n\t\t\t\t<\/div>\n\t\t\t\t<\/div>\n\t\t\t\t\t\t<\/div>\n\t\t\t<\/div>\n\t\t<\/div>\n\t\t\t\t\t\t<\/div>\n\t\t\t<\/div>\n\t\t<\/section>\n\t\t\t\t<section class=\"elementor-element elementor-element-bcc81bd elementor-section-boxed elementor-section-height-default elementor-section-height-default elementor-section elementor-top-section\" data-id=\"bcc81bd\" data-element_type=\"section\">\n\t\t\t\t\t\t<div class=\"elementor-container elementor-column-gap-default\">\n\t\t\t\t<div class=\"elementor-row\">\n\t\t\t\t<div class=\"elementor-element elementor-element-97f5ef9 elementor-column elementor-col-100 elementor-top-column\" data-id=\"97f5ef9\" data-element_type=\"column\">\n\t\t\t<div class=\"elementor-column-wrap  elementor-element-populated\">\n\t\t\t\t\t<div class=\"elementor-widget-wrap\">\n\t\t\t\t<div class=\"elementor-element elementor-element-8361ef5 elementor-widget elementor-widget-text-editor\" data-id=\"8361ef5\" data-element_type=\"widget\" data-widget_type=\"text-editor.default\">\n\t\t\t\t<div class=\"elementor-widget-container\">\n\t\t\t\t\t<div class=\"elementor-text-editor elementor-clearfix\"><blockquote style=\"color: #000000; font-family: 'Times New Roman'; font-size: medium; text-align: start;\"><p class=\"MsoTitle\"><b><span style=\"color: #006699; font-family: Tahoma;\">KIBRIS T\u00dcRK G\u00d6RMEZLER DERNE\u011e\u0130&#8217;NE BA\u011eI\u015e YAPILAB\u0130LECEK BANKA HESAP NUMARALARI<br \/>\u00a0<\/span><\/b><\/p><ol><li><p class=\"MsoNormal\"><span style=\"color: #4b4b4b; font-family: Tahoma;\"><b>Kooperatif Merkez Bankas\u0131:\u00a0<\/b>10-304-66982<br \/>\u00a0<\/span><\/p><\/li><li><p class=\"MsoNormal\"><span style=\"color: #4b4b4b; font-family: Tahoma;\"><b>T\u00fcrk Bankas\u0131:\u00a0<\/b>01-2630885\u00a0<br \/><\/span><\/p><\/li><\/ol><p align=\"left\"><span style=\"font-size: small;\">\u00a0<\/span><\/p><\/blockquote><table style=\"font-family: 'Times New Roman';\" border=\"0\" width=\"100%\"><tbody><tr><td valign=\"top\" height=\"60\"><span style=\"margin-top: 0px; margin-bottom: 0px;\"><span style=\"color: #003078; font-family: Tahoma; font-size: small;\"><span lang=\"TR\"><b>K.T.G\u00d6RMEZLER DERNE\u011e\u0130\u2019NE YAPILAN ANLAMLI BA\u011eI\u015eLAR<\/b><br \/><\/span><\/span><span style=\"color: #4b4b4b; font-family: Tahoma;\"><b><span style=\"font-size: small;\">T.C. B\u00fcy\u00fckel\u00e7ili\u011fi\u2019nden Ba\u011f\u0131\u015f:<\/span><\/b><\/span><span style=\"font-family: Tahoma; font-size: small;\"><span style=\"color: #4b4b4b;\"><br \/><\/span><\/span><\/span><span lang=\"TR\" style=\"font-size: 10pt; font-family: Tahoma; color: #4b4b4b;\">Kamp\u00fcs binas\u0131n\u0131n asans\u00f6r tak\u0131m\u0131 i\u00e7in 22,146 TL, G\u00f6rme Engelliler Okul kat\u0131 i\u00e7in 26,000 TL, misafirhane kat\u0131 i\u00e7in 50,000 TL, toplam 98,146 TL.<\/span><\/td><\/tr><\/tbody><\/table><\/div>\n\t\t\t\t<\/div>\n\t\t\t\t<\/div>\n\t\t\t\t\t\t<\/div>\n\t\t\t<\/div>\n\t\t<\/div>\n\t\t\t\t\t\t<\/div>\n\t\t\t<\/div>\n\t\t<\/section>\n\t\t\t\t\t\t<\/div>\n\t\t\t<\/div>\n\t\t<\/div>\n\t\t","protected":false},"excerpt":{"rendered":"<p>Bir elde siz uzat\u0131n\u0131z. KIBRIS T\u00dcRK G\u00d6RMEZLER DERNE\u011e\u0130&#8217;NE BA\u011eI\u015e YAPILAB\u0130LECEK BANKA HESAP NUMARALARI\u00a0 Kooperatif Merkez Bankas\u0131:\u00a010-304-66982\u00a0 T\u00fcrk Bankas\u0131:\u00a001-2630885\u00a0 \u00a0 K.T.G\u00d6RMEZLER DERNE\u011e\u0130\u2019NE YAPILAN ANLAMLI BA\u011eI\u015eLART.C. B\u00fcy\u00fckel\u00e7ili\u011fi\u2019nden Ba\u011f\u0131\u015f:Kamp\u00fcs binas\u0131n\u0131n asans\u00f6r tak\u0131m\u0131 i\u00e7in 22,146 TL, G\u00f6rme Engelliler Okul kat\u0131 i\u00e7in 26,000 TL, misafirhane kat\u0131 i\u00e7in 50,000 TL, toplam 98,146 TL.<\/p>\n","protected":false},"author":1,"featured_media":0,"parent":0,"menu_order":0,"comment_status":"closed","ping_status":"closed","template":"elementor_header_footer","meta":{"footnotes":""},"class_list":["post-234","page","type-page","status-publish","hentry"],"_links":{"self":[{"href":"http:\/\/ktgormezlerdernegi.org\/index.php?rest_route=\/wp\/v2\/pages\/234","targetHints":{"allow":["GET"]}}],"collection":[{"href":"http:\/\/ktgormezlerdernegi.org\/index.php?rest_route=\/wp\/v2\/pages"}],"about":[{"href":"http:\/\/ktgormezlerdernegi.org\/index.php?rest_route=\/wp\/v2\/types\/page"}],"author":[{"embeddable":true,"href":"http:\/\/ktgormezlerdernegi.org\/index.php?rest_route=\/wp\/v2\/users\/1"}],"replies":[{"embeddable":true,"href":"http:\/\/ktgormezlerdernegi.org\/index.php?rest_route=%2Fwp%2Fv2%2Fcomments&post=234"}],"version-history":[{"count":5,"href":"http:\/\/ktgormezlerdernegi.org\/index.php?rest_route=\/wp\/v2\/pages\/234\/revisions"}],"predecessor-version":[{"id":483,"href":"http:\/\/ktgormezlerdernegi.org\/index.php?rest_route=\/wp\/v2\/pages\/234\/revisions\/483"}],"wp:attachment":[{"href":"http:\/\/ktgormezlerdernegi.org\/index.php?rest_route=%2Fwp%2Fv2%2Fmedia&parent=234"}],"curies":[{"name":"wp","href":"https:\/\/api.w.org\/{rel}","templated":true}]}}